{"id":657,"date":"2012-03-08T02:45:48","date_gmt":"2012-03-08T02:45:48","guid":{"rendered":"http:\/\/aupe.org.uy\/web\/?page_id=657"},"modified":"2025-07-12T15:36:33","modified_gmt":"2025-07-12T18:36:33","slug":"autoridades","status":"publish","type":"page","link":"https:\/\/aupe.org.uy\/web\/nosotros\/autoridades\/","title":{"rendered":"Autoridades"},"content":{"rendered":"<p><strong>Per\u00edodo 2024-2026<\/strong><\/p>\n<p style=\"text-align: left;\"><strong>Presidente <\/strong><br \/>\nDr. Guido Berro<\/p>\n<p style=\"text-align: left;\"><strong>Vicepresidente<\/strong><br \/>\nDr. Diego Vescovi<\/p>\n<p><strong>Secretario <\/strong><br \/>\nMag. Agust\u00edn Romano<\/p>\n<p><strong>Tesorera\u00a0<\/strong><br \/>\nCra. Fabiana Dalm\u00e1s<\/p>\n<p><strong>Vocales<\/strong><br \/>\nDr. Jos\u00e9 Fern\u00e1ndez<\/p>\n<p>Dra. Jacqueline Cano<\/p>\n<p>Dr. Luis Caillabet<\/p>\n<p><strong>Directores del Departamento Concursal<\/strong><\/p>\n<p><em>Director Contable<\/em><br \/>\nCr. Gabriel Ferreira<\/p>\n<p><em>Director Jur\u00eddico<\/em><br \/>\nDr. Daniel Germ\u00e1n<\/p>\n<p><strong>Directora del Departamento de Asesoramiento T\u00e9cnico y Capacitaci\u00f3n<\/strong><\/p>\n<p>Dra. Esc. Sandra Etcheverry Dellavalle<\/p>\n","protected":false},"excerpt":{"rendered":"<p>Per\u00edodo 2024-2026 Presidente Dr. Guido Berro Vicepresidente Dr. Diego Vescovi Secretario Mag. Agust\u00edn Romano Tesorera\u00a0 Cra. Fabiana Dalm\u00e1s Vocales Dr. Jos\u00e9 Fern\u00e1ndez Dra. Jacqueline Cano Dr. Luis Caillabet Directores del Departamento Concursal Director Contable Cr. Gabriel Ferreira Director Jur\u00eddico Dr. Daniel Germ\u00e1n Directora del Departamento de Asesoramiento T\u00e9cnico y Capacitaci\u00f3n Dra. Esc. Sandra Etcheverry Dellavalle<\/p>\n","protected":false},"author":3,"featured_media":0,"parent":376,"menu_order":0,"comment_status":"open","ping_status":"open","template":"","meta":{"footnotes":""},"class_list":["post-657","page","type-page","status-publish","hentry"],"jetpack_sharing_enabled":true,"jetpack_shortlink":"https:\/\/wp.me\/P6c3En-aB","_links":{"self":[{"href":"https:\/\/aupe.org.uy\/web\/wp-json\/wp\/v2\/pages\/657","targetHints":{"allow":["GET"]}}],"collection":[{"href":"https:\/\/aupe.org.uy\/web\/wp-json\/wp\/v2\/pages"}],"about":[{"href":"https:\/\/aupe.org.uy\/web\/wp-json\/wp\/v2\/types\/page"}],"author":[{"embeddable":true,"href":"https:\/\/aupe.org.uy\/web\/wp-json\/wp\/v2\/users\/3"}],"replies":[{"embeddable":true,"href":"https:\/\/aupe.org.uy\/web\/wp-json\/wp\/v2\/comments?post=657"}],"version-history":[{"count":15,"href":"https:\/\/aupe.org.uy\/web\/wp-json\/wp\/v2\/pages\/657\/revisions"}],"predecessor-version":[{"id":4259,"href":"https:\/\/aupe.org.uy\/web\/wp-json\/wp\/v2\/pages\/657\/revisions\/4259"}],"up":[{"embeddable":true,"href":"https:\/\/aupe.org.uy\/web\/wp-json\/wp\/v2\/pages\/376"}],"wp:attachment":[{"href":"https:\/\/aupe.org.uy\/web\/wp-json\/wp\/v2\/media?parent=657"}],"curies":[{"name":"wp","href":"https:\/\/api.w.org\/{rel}","templated":true}]}}