{"id":380,"date":"2012-02-08T04:07:15","date_gmt":"2012-02-08T04:07:15","guid":{"rendered":"http:\/\/aupe.org.uy\/web\/?page_id=380"},"modified":"2012-07-24T15:19:56","modified_gmt":"2012-07-24T15:19:56","slug":"logros","status":"publish","type":"page","link":"https:\/\/aupe.org.uy\/web\/logros\/","title":{"rendered":"Logros"},"content":{"rendered":"<p>Es de destacar la actuaci\u00f3n del Departamento Concursal que en varios casos de complejidad el Poder Judicial ha confiado en nuestra instituci\u00f3n para cumplir con la labor encomendada con responsabilidad y solvencia.<\/p>\n<p>Conjuntamente con el Centro de Estudios Judiciales del Uruguay se dict\u00f3 cursos de Formaci\u00f3n Pericial dirigido a profesionales de diversas disciplinas con el fin de introducirlos en la especializaci\u00f3n del ejercicio como peritos judiciales. Desde 1999 hasta 2005, se llevaron a cabo 7 cursos de 105 horas c\u00e1tedra cada uno a cargo de 16 destacados docentes que capacitaron a 170 peritos.<\/p>\n<p>Se realizaron seminarios, mesas redondas y jornadas t\u00e9cnicas multidisciplinarias dirigidas a la formaci\u00f3n del Perito con el fin de fortalecer su labor, adem\u00e1s del C.E.J.U., se cont\u00f3 con la colaboraci\u00f3n de otras instituciones como la Universidad de la Rep\u00fablica representada por sus docentes, la Universidad Cat\u00f3lica del Uruguay y Banco Hipotecario del Uruguay.<\/p>\n<p>Se llevaron a cabo en noviembre de 1998, noviembre de 2002, setiembre de 2007 y junio de 2009 en las que participaron mas de 25 expositores y concurrieron un total de 500 participantes.<\/p>\n<p>Hemos auspiciado varias iniciativas de capacitaci\u00f3n de diversas instituciones que han solicitado nuestro apoyo.<br \/>\nA partir del a\u00f1o 2009 se comienza la realizaci\u00f3n de Cursos de formaci\u00f3n Pericial en nuestra Sede Social, en la cual disponemos de un sal\u00f3n de clases confortable, con la tecnolog\u00eda necesaria en apoyo did\u00e1ctico. Se capacit\u00f3 y se continua haci\u00e9ndolo a profesionales y expertos a nivel nacional e internacional, en diferentes \u00e1reas del conocimiento como ser Psicolog\u00eda Forense, Violencia Dom\u00e9stica, Abuso Sexual, Grafolog\u00eda, Pericia Caligr\u00e1fica, Tasaciones, Semiolog\u00eda, Pr\u00e1cticas y verificaci\u00f3n sobre identificaci\u00f3n en Automotores, etc.<\/p>\n<p id=\"yui_3_2_0_1_1343100406953789\">Aspiramos a fortalecer la labor pericial a trav\u00e9s del cumplimiento de nuestros fines, dirigidos a elevar la profesionalizaci\u00f3n y el reconocimiento del rol del Perito, as\u00ed como, lograr una mayor integraci\u00f3n a nivel regional e internacional con el fin de afianzar v\u00ednculos e intercambiar saberes.<\/p>\n<p>&nbsp;<\/p>\n","protected":false},"excerpt":{"rendered":"<p>Es de destacar la actuaci\u00f3n del Departamento Concursal que en varios casos de complejidad el Poder Judicial ha confiado en nuestra instituci\u00f3n para cumplir con la labor encomendada con responsabilidad y solvencia. Conjuntamente con el Centro de Estudios Judiciales del Uruguay se dict\u00f3 cursos de Formaci\u00f3n Pericial dirigido a profesionales de diversas disciplinas con el [&hellip;]<\/p>\n","protected":false},"author":3,"featured_media":604,"parent":0,"menu_order":0,"comment_status":"open","ping_status":"open","template":"","meta":{"footnotes":""},"class_list":["post-380","page","type-page","status-publish","has-post-thumbnail","hentry"],"jetpack_sharing_enabled":true,"jetpack_shortlink":"https:\/\/wp.me\/P6c3En-68","_links":{"self":[{"href":"https:\/\/aupe.org.uy\/web\/wp-json\/wp\/v2\/pages\/380","targetHints":{"allow":["GET"]}}],"collection":[{"href":"https:\/\/aupe.org.uy\/web\/wp-json\/wp\/v2\/pages"}],"about":[{"href":"https:\/\/aupe.org.uy\/web\/wp-json\/wp\/v2\/types\/page"}],"author":[{"embeddable":true,"href":"https:\/\/aupe.org.uy\/web\/wp-json\/wp\/v2\/users\/3"}],"replies":[{"embeddable":true,"href":"https:\/\/aupe.org.uy\/web\/wp-json\/wp\/v2\/comments?post=380"}],"version-history":[{"count":3,"href":"https:\/\/aupe.org.uy\/web\/wp-json\/wp\/v2\/pages\/380\/revisions"}],"predecessor-version":[{"id":802,"href":"https:\/\/aupe.org.uy\/web\/wp-json\/wp\/v2\/pages\/380\/revisions\/802"}],"wp:featuredmedia":[{"embeddable":true,"href":"https:\/\/aupe.org.uy\/web\/wp-json\/wp\/v2\/media\/604"}],"wp:attachment":[{"href":"https:\/\/aupe.org.uy\/web\/wp-json\/wp\/v2\/media?parent=380"}],"curies":[{"name":"wp","href":"https:\/\/api.w.org\/{rel}","templated":true}]}}