{"id":376,"date":"2012-02-08T04:05:12","date_gmt":"2012-02-08T04:05:12","guid":{"rendered":"http:\/\/aupe.org.uy\/web\/?page_id=376"},"modified":"2012-03-01T14:13:54","modified_gmt":"2012-03-01T14:13:54","slug":"nosotros","status":"publish","type":"page","link":"https:\/\/aupe.org.uy\/web\/nosotros\/","title":{"rendered":"Nosotros"},"content":{"rendered":"<p>La Asociaci\u00f3n Uruguaya de Peritos es una Asociaci\u00f3n Civil sin fines de lucro fundada el 25 de octubre de 1995, a iniciativa de un grupo de profesionales peritos en diversas disciplinas.<\/p>\n<p>Dentro de las actividades que desarrolla podemos destacar la participaci\u00f3n en su materia, en varias comisiones en el sistema de justicia, como por ejemplo la Comisi\u00f3n Evaluadora de Peritos, prevista en el art. 26 de la Acordada n\u00b0 7449 que crea el Registro \u00danico de Peritos del Poder Judicial por disposici\u00f3n de la Ley 17.258.<\/p>\n<p>Adem\u00e1s, asesora y orienta a sus socios a trav\u00e9s del Departamento Concursal y el Departamento de Asesoramiento T\u00e9cnico y Capacitaci\u00f3n.<\/p>\n<p>El Departamento Concursal cumple un rol fundamental cuando nuestra Asociaci\u00f3n es llamada para actuar como asesor y auxiliar de la justicia.<\/p>\n<p>La capacitaci\u00f3n de los peritos ha sido uno de los pilares de esta instituci\u00f3n, es por ello que nuestros asociados son referencia profesional tanto a nivel p\u00fablico como privado en sendas asesor\u00edas.<\/p>\n","protected":false},"excerpt":{"rendered":"<p>La Asociaci\u00f3n Uruguaya de Peritos es una Asociaci\u00f3n Civil sin fines de lucro fundada el 25 de octubre de 1995, a iniciativa de un grupo de profesionales peritos en diversas disciplinas. Dentro de las actividades que desarrolla podemos destacar la participaci\u00f3n en su materia, en varias comisiones en el sistema de justicia, como por ejemplo [&hellip;]<\/p>\n","protected":false},"author":3,"featured_media":602,"parent":0,"menu_order":0,"comment_status":"open","ping_status":"open","template":"","meta":{"footnotes":""},"class_list":["post-376","page","type-page","status-publish","has-post-thumbnail","hentry"],"jetpack_sharing_enabled":true,"jetpack_shortlink":"https:\/\/wp.me\/P6c3En-64","_links":{"self":[{"href":"https:\/\/aupe.org.uy\/web\/wp-json\/wp\/v2\/pages\/376","targetHints":{"allow":["GET"]}}],"collection":[{"href":"https:\/\/aupe.org.uy\/web\/wp-json\/wp\/v2\/pages"}],"about":[{"href":"https:\/\/aupe.org.uy\/web\/wp-json\/wp\/v2\/types\/page"}],"author":[{"embeddable":true,"href":"https:\/\/aupe.org.uy\/web\/wp-json\/wp\/v2\/users\/3"}],"replies":[{"embeddable":true,"href":"https:\/\/aupe.org.uy\/web\/wp-json\/wp\/v2\/comments?post=376"}],"version-history":[{"count":2,"href":"https:\/\/aupe.org.uy\/web\/wp-json\/wp\/v2\/pages\/376\/revisions"}],"predecessor-version":[{"id":603,"href":"https:\/\/aupe.org.uy\/web\/wp-json\/wp\/v2\/pages\/376\/revisions\/603"}],"wp:featuredmedia":[{"embeddable":true,"href":"https:\/\/aupe.org.uy\/web\/wp-json\/wp\/v2\/media\/602"}],"wp:attachment":[{"href":"https:\/\/aupe.org.uy\/web\/wp-json\/wp\/v2\/media?parent=376"}],"curies":[{"name":"wp","href":"https:\/\/api.w.org\/{rel}","templated":true}]}}